{"id":1773,"date":"2017-06-14T10:29:47","date_gmt":"2017-06-14T10:29:47","guid":{"rendered":"https:\/\/dovedormirearoma.it\/recorrido-privado\/tours-de-florencia-y-pompeya\/"},"modified":"2022-05-08T16:08:46","modified_gmt":"2022-05-08T16:08:46","slug":"tours-de-florencia-y-pompeya","status":"publish","type":"page","link":"https:\/\/dovedormirearoma.it\/es\/recorrido-privado\/tours-de-florencia-y-pompeya\/","title":{"rendered":"Tours de Florencia y Pompeya"},"content":{"rendered":"\n<p> <\/p>\n\n<p><strong>POMPEYA Y FLORENCIA:<\/strong><\/p>\n\n<p><strong>POMPEYA:<\/strong>&#13;\n<strong>(Grupo Max 8 personas)<\/strong>&#13;\n<strong>Punto de encuentro:<\/strong> 9:00 am Via Villa Dei Misteri 11, 80045 Pompeya, N\u00e1poles (Italia)&#13;\n<strong>Itinerario:<\/strong> Una de las peque\u00f1as ciudades del mundo que sigue viva incluso despu\u00e9s de la erupci\u00f3n del 79 d.C. Perfectamente conservado bajo capas de arena y lapilli. Una ciudad, como Ave Fenix, literalmente resurgida de sus propias cenizas. No es casualidad que forme parte del Patrimonio de la Unesco.&#13;\n<strong>Qu\u00e9 est\u00e1 incluido:<\/strong> gu\u00eda tur\u00edstico de 2,5 horas el gu\u00eda llevar\u00e1 el cartel de eden walks, evita las colas.&#13;\n<strong>Dificultad:<\/strong> media&#13;\n<strong>Precio desde 150 \u20ac por persona<\/strong><\/p>\n\n<p>__________________________________________________________________<\/p>\n\n<p><strong>FLORENCIA: (Grupo max 12 personas)<\/strong>&#13;\n<strong>Punto de encuentro:<\/strong> 10:00 am, via ricasoli 64 (Florencia)&#13;\n<strong>Itinerario:<\/strong> cuna del Renacimiento, hogar de obras maestras del arte y la arquitectura, capital de la regi\u00f3n Toscana de Italia. Visitaremos la Galer\u00eda de la Academia que exhibe el \u00abDavid\u00bb de Miguel \u00c1ngel.&#13;\n<strong>Qu\u00e9 est\u00e1 incluido:<\/strong> Aud\u00edfonos con gu\u00eda tur\u00edstico sin colas Recorrido a pie de 2,5 horas en el museo de la academia&#13;\n<strong>Dificultad:<\/strong> media&#13;\n<strong>Precio desde 180 \u20ac por persona<\/strong><\/p>\n\n<p>___________________________________________________________________<\/p>\n\n<p><\/p>\n\n<p><strong>Para informaci\u00f3n o para hacer una reserva, cont\u00e1ctenos en what s app y lo guiaremos paso a paso para realizar el recorrido que prefiera.<\/strong><\/p>\n\n<p><\/p>\n\n<div class=\"wp-block-image\"><figure class=\"aligncenter size-full\"><img data-recalc-dims=\"1\" loading=\"lazy\" decoding=\"async\" width=\"600\" height=\"51\" data-attachment-id=\"1047\" data-permalink=\"https:\/\/dovedormirearoma.it\/es\/cropped-logoae-600px-png-2\/\" data-orig-file=\"https:\/\/i0.wp.com\/dovedormirearoma.it\/wp-content\/uploads\/2022\/02\/cropped-LogoAE-600px.png?fit=600%2C51&amp;ssl=1\" data-orig-size=\"600,51\" data-comments-opened=\"1\" data-image-meta=\"{&quot;aperture&quot;:&quot;0&quot;,&quot;credit&quot;:&quot;&quot;,&quot;camera&quot;:&quot;&quot;,&quot;caption&quot;:&quot;&quot;,&quot;created_timestamp&quot;:&quot;0&quot;,&quot;copyright&quot;:&quot;&quot;,&quot;focal_length&quot;:&quot;0&quot;,&quot;iso&quot;:&quot;0&quot;,&quot;shutter_speed&quot;:&quot;0&quot;,&quot;title&quot;:&quot;&quot;,&quot;orientation&quot;:&quot;0&quot;}\" data-image-title=\"cropped-LogoAE-600px.png\" data-image-description=\"&lt;p&gt;http:\/\/dovedormirearoma.it\/wp-content\/uploads\/2022\/02\/cropped-LogoAE-600px.png&lt;\/p&gt;\n\" data-image-caption=\"\" data-medium-file=\"https:\/\/i0.wp.com\/dovedormirearoma.it\/wp-content\/uploads\/2022\/02\/cropped-LogoAE-600px.png?fit=300%2C26&amp;ssl=1\" data-large-file=\"https:\/\/i0.wp.com\/dovedormirearoma.it\/wp-content\/uploads\/2022\/02\/cropped-LogoAE-600px.png?fit=600%2C51&amp;ssl=1\" src=\"https:\/\/i0.wp.com\/dovedormirearoma.it\/wp-content\/uploads\/2022\/02\/cropped-LogoAE-600px.png?resize=600%2C51\" alt=\"\" class=\"wp-image-1047\" srcset=\"https:\/\/i0.wp.com\/dovedormirearoma.it\/wp-content\/uploads\/2022\/02\/cropped-LogoAE-600px.png?w=600&amp;ssl=1 600w, https:\/\/i0.wp.com\/dovedormirearoma.it\/wp-content\/uploads\/2022\/02\/cropped-LogoAE-600px.png?resize=300%2C26&amp;ssl=1 300w\" sizes=\"auto, (max-width: 600px) 100vw, 600px\" \/><\/figure><\/div>\n\n<div class=\"wp-block-image\"><figure class=\"aligncenter size-full\"><img data-recalc-dims=\"1\" loading=\"lazy\" decoding=\"async\" width=\"200\" height=\"200\" data-attachment-id=\"1045\" data-permalink=\"https:\/\/dovedormirearoma.it\/es\/cropped-accomodationsrome-favicon-1-png-2\/\" data-orig-file=\"https:\/\/i0.wp.com\/dovedormirearoma.it\/wp-content\/uploads\/2022\/01\/cropped-AccomodationsRome-favicon-1.png?fit=200%2C200&amp;ssl=1\" data-orig-size=\"200,200\" data-comments-opened=\"1\" data-image-meta=\"{&quot;aperture&quot;:&quot;0&quot;,&quot;credit&quot;:&quot;&quot;,&quot;camera&quot;:&quot;&quot;,&quot;caption&quot;:&quot;&quot;,&quot;created_timestamp&quot;:&quot;0&quot;,&quot;copyright&quot;:&quot;&quot;,&quot;focal_length&quot;:&quot;0&quot;,&quot;iso&quot;:&quot;0&quot;,&quot;shutter_speed&quot;:&quot;0&quot;,&quot;title&quot;:&quot;&quot;,&quot;orientation&quot;:&quot;0&quot;}\" data-image-title=\"cropped-AccomodationsRome-favicon-1.png\" data-image-description=\"&lt;p&gt;http:\/\/dovedormirearoma.it\/wp-content\/uploads\/2022\/01\/cropped-AccomodationsRome-favicon-1.png&lt;\/p&gt;\n\" data-image-caption=\"\" data-medium-file=\"https:\/\/i0.wp.com\/dovedormirearoma.it\/wp-content\/uploads\/2022\/01\/cropped-AccomodationsRome-favicon-1.png?fit=200%2C200&amp;ssl=1\" data-large-file=\"https:\/\/i0.wp.com\/dovedormirearoma.it\/wp-content\/uploads\/2022\/01\/cropped-AccomodationsRome-favicon-1.png?fit=200%2C200&amp;ssl=1\" src=\"https:\/\/i0.wp.com\/dovedormirearoma.it\/wp-content\/uploads\/2022\/01\/cropped-AccomodationsRome-favicon-1.png?resize=200%2C200\" alt=\"\" class=\"wp-image-1045\" srcset=\"https:\/\/i0.wp.com\/dovedormirearoma.it\/wp-content\/uploads\/2022\/01\/cropped-AccomodationsRome-favicon-1.png?w=200&amp;ssl=1 200w, https:\/\/i0.wp.com\/dovedormirearoma.it\/wp-content\/uploads\/2022\/01\/cropped-AccomodationsRome-favicon-1.png?resize=150%2C150&amp;ssl=1 150w, https:\/\/i0.wp.com\/dovedormirearoma.it\/wp-content\/uploads\/2022\/01\/cropped-AccomodationsRome-favicon-1.png?resize=100%2C100&amp;ssl=1 100w\" sizes=\"auto, (max-width: 200px) 100vw, 200px\" \/><\/figure><\/div>\n","protected":false},"excerpt":{"rendered":"<p>POMPEYA Y FLORENCIA: POMPEYA:&#13; (Grupo Max 8 personas)&#13; Punto de encuentro: 9:00 am Via Villa Dei Misteri 11, 80045 Pompeya, N\u00e1poles (Italia)&#13; Itinerario: Una de las peque\u00f1as ciudades del mundo que sigue viva incluso despu\u00e9s de la erupci\u00f3n del 79 d.C. Perfectamente conservado bajo capas de arena y lapilli. Una ciudad, como Ave Fenix, literalmente &hellip; <a href=\"https:\/\/dovedormirearoma.it\/es\/recorrido-privado\/tours-de-florencia-y-pompeya\/\" class=\"more-link\">Continue reading<span class=\"screen-reader-text\"> \u00abTours de Florencia y Pompeya\u00bb<\/span><\/a><\/p>\n","protected":false},"author":1,"featured_media":1921,"parent":1530,"menu_order":0,"comment_status":"closed","ping_status":"closed","template":"","meta":{"advanced_seo_description":"","jetpack_seo_html_title":"","jetpack_seo_noindex":false,"jetpack_post_was_ever_published":false,"footnotes":""},"class_list":["post-1773","page","type-page","status-publish","has-post-thumbnail","hentry"],"jetpack-related-posts":[],"jetpack_sharing_enabled":true,"jetpack_likes_enabled":true,"jetpack_shortlink":"https:\/\/wp.me\/PdT7t4-sB","_links":{"self":[{"href":"https:\/\/dovedormirearoma.it\/es\/wp-json\/wp\/v2\/pages\/1773","targetHints":{"allow":["GET"]}}],"collection":[{"href":"https:\/\/dovedormirearoma.it\/es\/wp-json\/wp\/v2\/pages"}],"about":[{"href":"https:\/\/dovedormirearoma.it\/es\/wp-json\/wp\/v2\/types\/page"}],"author":[{"embeddable":true,"href":"https:\/\/dovedormirearoma.it\/es\/wp-json\/wp\/v2\/users\/1"}],"replies":[{"embeddable":true,"href":"https:\/\/dovedormirearoma.it\/es\/wp-json\/wp\/v2\/comments?post=1773"}],"version-history":[{"count":1,"href":"https:\/\/dovedormirearoma.it\/es\/wp-json\/wp\/v2\/pages\/1773\/revisions"}],"predecessor-version":[{"id":1774,"href":"https:\/\/dovedormirearoma.it\/es\/wp-json\/wp\/v2\/pages\/1773\/revisions\/1774"}],"up":[{"embeddable":true,"href":"https:\/\/dovedormirearoma.it\/es\/wp-json\/wp\/v2\/pages\/1530"}],"wp:featuredmedia":[{"embeddable":true,"href":"https:\/\/dovedormirearoma.it\/es\/wp-json\/wp\/v2\/media\/1921"}],"wp:attachment":[{"href":"https:\/\/dovedormirearoma.it\/es\/wp-json\/wp\/v2\/media?parent=1773"}],"curies":[{"name":"wp","href":"https:\/\/api.w.org\/{rel}","templated":true}]}}