{"id":1757,"date":"2017-06-14T11:05:39","date_gmt":"2017-06-14T11:05:39","guid":{"rendered":"https:\/\/dovedormirearoma.it\/recorrido-privado\/roma-en-fiat-500-vintage-tour\/"},"modified":"2022-05-04T18:46:01","modified_gmt":"2022-05-04T18:46:01","slug":"roma-en-fiat-500-vintage-tour","status":"publish","type":"page","link":"https:\/\/dovedormirearoma.it\/es\/recorrido-privado\/roma-en-fiat-500-vintage-tour\/","title":{"rendered":"Roma en Fiat 500 Vintage Tour"},"content":{"rendered":"<p><strong>RECORRIDO FIAT 500<\/strong><\/p>\n<p>&nbsp;<\/p>\n<p><strong>Descripci\u00f3n del recorrido:<\/strong><br \/>\nExperimente La Dolce Vita de primera mano mientras viaja por Roma al m\u00e1s puro estilo italiano. Su conductor privado lo llevar\u00e1 por todos los lugares de visita obligada en Roma y aquellos fuera de los caminos trillados, pero de f\u00e1cil acceso en autom\u00f3vil. Disfrute de la comodidad y el lujo de su Fiat 500 antiguo mientras descubre algunas de las principales atracciones de la Ciudad Eterna, que <strong>incluyen:<\/strong> la Bas\u00edlica de San Pedro, el Castel Sant&#8217;Angelo, la Piazza Navona, el Pante\u00f3n, los Jardines Borghese, el Circo M\u00e1ximo, la Bocca della Verit\u00e0 (La Boca de la Verdad), Monte Aventino, Coliseo, Piazza Venezia y Piazza di Spagna.<br \/>\nEste recorrido tambi\u00e9n incluye excelentes fotograf\u00edas en cada ubicaci\u00f3n por parte de su fot\u00f3grafo personal y un descanso de prosecco entre ubicaciones.<br \/>\nUna experiencia irrepetible en Roma.<br \/>\nExplore Roma con estilo mientras su conductor personal recorre todos los lugares de inter\u00e9s tur\u00edstico en su FIAT 500 antiguo.<br \/>\n<strong>Qu\u00e9 est\u00e1 incluido:<\/strong><br \/>\nExplora Roma con estilo mientras recorres todos los lugares de inter\u00e9s tur\u00edstico en tu Fiat 500 antiguo.<br \/>\nEsta es una excelente manera de evitar las multitudes y ver cosas que no podr\u00edas recorrer a pie. Esta experiencia \u00fanica seguramente te dar\u00e1 una muestra de la Dolce Vita.<br \/>\nConductor privado y fot\u00f3grafo personal.<br \/>\n\u00bfGu\u00eda experto?<br \/>\nCopa de Prosecco<br \/>\n<strong>Punto de encuentro:<\/strong><br \/>\nv\u00eda vespasiano 14<br \/>\n<strong>Dificultad:<\/strong> s\u00faper f\u00e1cil<br \/>\n<strong>Precio: 140 \u20ac por persona<\/strong><\/p>\n\n<p><\/p>\n\n<p>____________________________________________________________________<\/p>\n\n<p><strong>Para informaci\u00f3n o para hacer una reserva, cont\u00e1ctenos en what s app y lo guiaremos paso a paso para realizar el recorrido que prefiera.<\/strong><\/p>\n\n<div class=\"wp-block-image\"><figure class=\"aligncenter size-full\"><img data-recalc-dims=\"1\" loading=\"lazy\" decoding=\"async\" width=\"600\" height=\"51\" data-attachment-id=\"1047\" data-permalink=\"https:\/\/dovedormirearoma.it\/es\/cropped-logoae-600px-png-2\/\" data-orig-file=\"https:\/\/i0.wp.com\/dovedormirearoma.it\/wp-content\/uploads\/2022\/02\/cropped-LogoAE-600px.png?fit=600%2C51&amp;ssl=1\" data-orig-size=\"600,51\" data-comments-opened=\"1\" data-image-meta=\"{&quot;aperture&quot;:&quot;0&quot;,&quot;credit&quot;:&quot;&quot;,&quot;camera&quot;:&quot;&quot;,&quot;caption&quot;:&quot;&quot;,&quot;created_timestamp&quot;:&quot;0&quot;,&quot;copyright&quot;:&quot;&quot;,&quot;focal_length&quot;:&quot;0&quot;,&quot;iso&quot;:&quot;0&quot;,&quot;shutter_speed&quot;:&quot;0&quot;,&quot;title&quot;:&quot;&quot;,&quot;orientation&quot;:&quot;0&quot;}\" data-image-title=\"cropped-LogoAE-600px.png\" data-image-description=\"&lt;p&gt;http:\/\/dovedormirearoma.it\/wp-content\/uploads\/2022\/02\/cropped-LogoAE-600px.png&lt;\/p&gt;\n\" data-image-caption=\"\" data-large-file=\"https:\/\/i0.wp.com\/dovedormirearoma.it\/wp-content\/uploads\/2022\/02\/cropped-LogoAE-600px.png?fit=600%2C51&amp;ssl=1\" src=\"https:\/\/i0.wp.com\/dovedormirearoma.it\/wp-content\/uploads\/2022\/02\/cropped-LogoAE-600px.png?resize=600%2C51\" alt=\"\" class=\"wp-image-1047\" srcset=\"https:\/\/i0.wp.com\/dovedormirearoma.it\/wp-content\/uploads\/2022\/02\/cropped-LogoAE-600px.png?w=600&amp;ssl=1 600w, https:\/\/i0.wp.com\/dovedormirearoma.it\/wp-content\/uploads\/2022\/02\/cropped-LogoAE-600px.png?resize=300%2C26&amp;ssl=1 300w\" sizes=\"auto, (max-width: 600px) 100vw, 600px\" \/><\/figure><\/div>\n\n<div class=\"wp-block-image\"><figure class=\"aligncenter size-full\"><img data-recalc-dims=\"1\" loading=\"lazy\" decoding=\"async\" width=\"200\" height=\"200\" data-attachment-id=\"1045\" data-permalink=\"https:\/\/dovedormirearoma.it\/es\/cropped-accomodationsrome-favicon-1-png-2\/\" data-orig-file=\"https:\/\/i0.wp.com\/dovedormirearoma.it\/wp-content\/uploads\/2022\/01\/cropped-AccomodationsRome-favicon-1.png?fit=200%2C200&amp;ssl=1\" data-orig-size=\"200,200\" data-comments-opened=\"1\" data-image-meta=\"{&quot;aperture&quot;:&quot;0&quot;,&quot;credit&quot;:&quot;&quot;,&quot;camera&quot;:&quot;&quot;,&quot;caption&quot;:&quot;&quot;,&quot;created_timestamp&quot;:&quot;0&quot;,&quot;copyright&quot;:&quot;&quot;,&quot;focal_length&quot;:&quot;0&quot;,&quot;iso&quot;:&quot;0&quot;,&quot;shutter_speed&quot;:&quot;0&quot;,&quot;title&quot;:&quot;&quot;,&quot;orientation&quot;:&quot;0&quot;}\" data-image-title=\"cropped-AccomodationsRome-favicon-1.png\" data-image-description=\"&lt;p&gt;http:\/\/dovedormirearoma.it\/wp-content\/uploads\/2022\/01\/cropped-AccomodationsRome-favicon-1.png&lt;\/p&gt;\n\" data-image-caption=\"\" data-large-file=\"https:\/\/i0.wp.com\/dovedormirearoma.it\/wp-content\/uploads\/2022\/01\/cropped-AccomodationsRome-favicon-1.png?fit=200%2C200&amp;ssl=1\" src=\"https:\/\/i0.wp.com\/dovedormirearoma.it\/wp-content\/uploads\/2022\/01\/cropped-AccomodationsRome-favicon-1.png?resize=200%2C200\" alt=\"\" class=\"wp-image-1045\" srcset=\"https:\/\/i0.wp.com\/dovedormirearoma.it\/wp-content\/uploads\/2022\/01\/cropped-AccomodationsRome-favicon-1.png?w=200&amp;ssl=1 200w, https:\/\/i0.wp.com\/dovedormirearoma.it\/wp-content\/uploads\/2022\/01\/cropped-AccomodationsRome-favicon-1.png?resize=150%2C150&amp;ssl=1 150w, https:\/\/i0.wp.com\/dovedormirearoma.it\/wp-content\/uploads\/2022\/01\/cropped-AccomodationsRome-favicon-1.png?resize=100%2C100&amp;ssl=1 100w\" sizes=\"auto, (max-width: 200px) 100vw, 200px\" \/><\/figure><\/div>\n","protected":false},"excerpt":{"rendered":"<p>RECORRIDO FIAT 500 &nbsp; Descripci\u00f3n del recorrido: Experimente La Dolce Vita de primera mano mientras viaja por Roma al m\u00e1s puro estilo italiano. Su conductor privado lo llevar\u00e1 por todos los lugares de visita obligada en Roma y aquellos fuera de los caminos trillados, pero de f\u00e1cil acceso en autom\u00f3vil. Disfrute de la comodidad y &hellip; <a href=\"https:\/\/dovedormirearoma.it\/es\/recorrido-privado\/roma-en-fiat-500-vintage-tour\/\" class=\"more-link\">Continue reading<span class=\"screen-reader-text\"> \u00abRoma en Fiat 500 Vintage Tour\u00bb<\/span><\/a><\/p>\n","protected":false},"author":1,"featured_media":1596,"parent":1530,"menu_order":0,"comment_status":"closed","ping_status":"closed","template":"","meta":{"advanced_seo_description":"","jetpack_seo_html_title":"","jetpack_seo_noindex":false,"jetpack_post_was_ever_published":false,"footnotes":""},"class_list":["post-1757","page","type-page","status-publish","has-post-thumbnail","hentry"],"jetpack-related-posts":[],"jetpack_sharing_enabled":true,"jetpack_likes_enabled":true,"jetpack_shortlink":"https:\/\/wp.me\/PdT7t4-sl","_links":{"self":[{"href":"https:\/\/dovedormirearoma.it\/es\/wp-json\/wp\/v2\/pages\/1757","targetHints":{"allow":["GET"]}}],"collection":[{"href":"https:\/\/dovedormirearoma.it\/es\/wp-json\/wp\/v2\/pages"}],"about":[{"href":"https:\/\/dovedormirearoma.it\/es\/wp-json\/wp\/v2\/types\/page"}],"author":[{"embeddable":true,"href":"https:\/\/dovedormirearoma.it\/es\/wp-json\/wp\/v2\/users\/1"}],"replies":[{"embeddable":true,"href":"https:\/\/dovedormirearoma.it\/es\/wp-json\/wp\/v2\/comments?post=1757"}],"version-history":[{"count":1,"href":"https:\/\/dovedormirearoma.it\/es\/wp-json\/wp\/v2\/pages\/1757\/revisions"}],"predecessor-version":[{"id":1758,"href":"https:\/\/dovedormirearoma.it\/es\/wp-json\/wp\/v2\/pages\/1757\/revisions\/1758"}],"up":[{"embeddable":true,"href":"https:\/\/dovedormirearoma.it\/es\/wp-json\/wp\/v2\/pages\/1530"}],"wp:featuredmedia":[{"embeddable":true,"href":"https:\/\/dovedormirearoma.it\/es\/wp-json\/wp\/v2\/media\/1596"}],"wp:attachment":[{"href":"https:\/\/dovedormirearoma.it\/es\/wp-json\/wp\/v2\/media?parent=1757"}],"curies":[{"name":"wp","href":"https:\/\/api.w.org\/{rel}","templated":true}]}}