{"id":1743,"date":"2017-06-14T10:37:53","date_gmt":"2017-06-14T10:37:53","guid":{"rendered":"https:\/\/dovedormirearoma.it\/recorrido-privado\/tours-degustacion\/"},"modified":"2022-05-04T18:19:52","modified_gmt":"2022-05-04T18:19:52","slug":"tours-degustacion","status":"publish","type":"page","link":"https:\/\/dovedormirearoma.it\/es\/recorrido-privado\/tours-degustacion\/","title":{"rendered":"Tours Degustaci\u00f3n"},"content":{"rendered":"\n<p><strong>TOUR DE CATA<\/strong><\/p>\n\n<p><strong>Descripci\u00f3n del recorrido:<\/strong>&#13;\nPrueba algunos de los mejores barrios en este recorrido gastron\u00f3mico a pie por Roma.&#13;\nDisfrute de aut\u00e9nticas delicias romanas como suppli, bacalao frito y pizza por rebanada, solo por nombrar algunos.&#13;\nUna experiencia \u00fanica y absolutamente imperdible para cualquier gourmet que visite La Ciudad Eterna. Este recorrido a pie de 3 horas es la mejor manera de explorar todas las delicias culinarias que Roma tiene para ofrecer.&#13;\n<strong>Qu\u00e9 est\u00e1 incluido:<\/strong>&#13;\nPrueba una selecci\u00f3n de carnes y quesos t\u00edpicos de Roma.&#13;\nIncluye catas de vino &#8211; 5-6 diferentes blancos y tintos de la regi\u00f3n de Lazio&#13;\nEste recorrido gastron\u00f3mico a pie termina con un fest\u00edn verdaderamente romano en una trattoria local.&#13;\nY por \u00faltimo, pero no menos importante, algunos de los mejores helados de la Ciudad Eterna.&#13;\nNuestro gu\u00eda experto le contar\u00e1 la historia detr\u00e1s de cada degustaci\u00f3n, qu\u00e9 hace que un queso DOP y un vino DOC, cu\u00e1les son las diferencias entre la pizza romana y el suministro en comparaci\u00f3n con las versiones napolitanas y por qu\u00e9 Roma es el hogar de algunos de los mejores helados de Italia. . Descubre la cocina t\u00edpica romana en los mejores destinos gastron\u00f3micos, conocidos solo por los lugare\u00f1os. Cada degustaci\u00f3n es de la m\u00e1s alta calidad y solo con los ingredientes locales m\u00e1s estacionales.&#13;\nEste recorrido gastron\u00f3mico por Roma comienza en Campo de Fiori y termina en la zona de moda de Trastevere.&#13;\n<strong>Punto de encuentro:<\/strong> Corso Vittorio Emanuele 2 166 a&#13;\n<strong>Dificultad:<\/strong> S\u00faper f\u00e1cil&#13;\n<strong>Precio: 85\u20ac por persona<\/strong><\/p>\n\n<p>____________________________________________________________________<\/p>\n\n<p><strong>Para informaci\u00f3n o para hacer una reserva, cont\u00e1ctenos en what s app y lo guiaremos paso a paso para realizar el recorrido que prefiera.<\/strong><\/p>\n\n<p><\/p>\n\n<div class=\"wp-block-image\"><figure class=\"aligncenter size-full\"><img data-recalc-dims=\"1\" loading=\"lazy\" decoding=\"async\" width=\"600\" height=\"51\" data-attachment-id=\"1047\" data-permalink=\"https:\/\/dovedormirearoma.it\/es\/cropped-logoae-600px-png-2\/\" data-orig-file=\"https:\/\/i0.wp.com\/dovedormirearoma.it\/wp-content\/uploads\/2022\/02\/cropped-LogoAE-600px.png?fit=600%2C51&amp;ssl=1\" data-orig-size=\"600,51\" data-comments-opened=\"1\" data-image-meta=\"{&quot;aperture&quot;:&quot;0&quot;,&quot;credit&quot;:&quot;&quot;,&quot;camera&quot;:&quot;&quot;,&quot;caption&quot;:&quot;&quot;,&quot;created_timestamp&quot;:&quot;0&quot;,&quot;copyright&quot;:&quot;&quot;,&quot;focal_length&quot;:&quot;0&quot;,&quot;iso&quot;:&quot;0&quot;,&quot;shutter_speed&quot;:&quot;0&quot;,&quot;title&quot;:&quot;&quot;,&quot;orientation&quot;:&quot;0&quot;}\" data-image-title=\"cropped-LogoAE-600px.png\" data-image-description=\"&lt;p&gt;http:\/\/dovedormirearoma.it\/wp-content\/uploads\/2022\/02\/cropped-LogoAE-600px.png&lt;\/p&gt;\n\" data-image-caption=\"\" data-large-file=\"https:\/\/i0.wp.com\/dovedormirearoma.it\/wp-content\/uploads\/2022\/02\/cropped-LogoAE-600px.png?fit=600%2C51&amp;ssl=1\" src=\"https:\/\/i0.wp.com\/dovedormirearoma.it\/wp-content\/uploads\/2022\/02\/cropped-LogoAE-600px.png?resize=600%2C51\" alt=\"\" class=\"wp-image-1047\" srcset=\"https:\/\/i0.wp.com\/dovedormirearoma.it\/wp-content\/uploads\/2022\/02\/cropped-LogoAE-600px.png?w=600&amp;ssl=1 600w, https:\/\/i0.wp.com\/dovedormirearoma.it\/wp-content\/uploads\/2022\/02\/cropped-LogoAE-600px.png?resize=300%2C26&amp;ssl=1 300w\" sizes=\"auto, (max-width: 600px) 100vw, 600px\" \/><\/figure><\/div>\n\n<div class=\"wp-block-image\"><figure class=\"aligncenter size-full\"><img data-recalc-dims=\"1\" loading=\"lazy\" decoding=\"async\" width=\"200\" height=\"200\" data-attachment-id=\"1045\" data-permalink=\"https:\/\/dovedormirearoma.it\/es\/cropped-accomodationsrome-favicon-1-png-2\/\" data-orig-file=\"https:\/\/i0.wp.com\/dovedormirearoma.it\/wp-content\/uploads\/2022\/01\/cropped-AccomodationsRome-favicon-1.png?fit=200%2C200&amp;ssl=1\" data-orig-size=\"200,200\" data-comments-opened=\"1\" data-image-meta=\"{&quot;aperture&quot;:&quot;0&quot;,&quot;credit&quot;:&quot;&quot;,&quot;camera&quot;:&quot;&quot;,&quot;caption&quot;:&quot;&quot;,&quot;created_timestamp&quot;:&quot;0&quot;,&quot;copyright&quot;:&quot;&quot;,&quot;focal_length&quot;:&quot;0&quot;,&quot;iso&quot;:&quot;0&quot;,&quot;shutter_speed&quot;:&quot;0&quot;,&quot;title&quot;:&quot;&quot;,&quot;orientation&quot;:&quot;0&quot;}\" data-image-title=\"cropped-AccomodationsRome-favicon-1.png\" data-image-description=\"&lt;p&gt;http:\/\/dovedormirearoma.it\/wp-content\/uploads\/2022\/01\/cropped-AccomodationsRome-favicon-1.png&lt;\/p&gt;\n\" data-image-caption=\"\" data-large-file=\"https:\/\/i0.wp.com\/dovedormirearoma.it\/wp-content\/uploads\/2022\/01\/cropped-AccomodationsRome-favicon-1.png?fit=200%2C200&amp;ssl=1\" src=\"https:\/\/i0.wp.com\/dovedormirearoma.it\/wp-content\/uploads\/2022\/01\/cropped-AccomodationsRome-favicon-1.png?resize=200%2C200\" alt=\"\" class=\"wp-image-1045\" srcset=\"https:\/\/i0.wp.com\/dovedormirearoma.it\/wp-content\/uploads\/2022\/01\/cropped-AccomodationsRome-favicon-1.png?w=200&amp;ssl=1 200w, https:\/\/i0.wp.com\/dovedormirearoma.it\/wp-content\/uploads\/2022\/01\/cropped-AccomodationsRome-favicon-1.png?resize=150%2C150&amp;ssl=1 150w, https:\/\/i0.wp.com\/dovedormirearoma.it\/wp-content\/uploads\/2022\/01\/cropped-AccomodationsRome-favicon-1.png?resize=100%2C100&amp;ssl=1 100w\" sizes=\"auto, (max-width: 200px) 100vw, 200px\" \/><\/figure><\/div>\n\n<p><\/p>\n","protected":false},"excerpt":{"rendered":"<p>TOUR DE CATA Descripci\u00f3n del recorrido:&#13; Prueba algunos de los mejores barrios en este recorrido gastron\u00f3mico a pie por Roma.&#13; Disfrute de aut\u00e9nticas delicias romanas como suppli, bacalao frito y pizza por rebanada, solo por nombrar algunos.&#13; Una experiencia \u00fanica y absolutamente imperdible para cualquier gourmet que visite La Ciudad Eterna. Este recorrido a pie &hellip; <a href=\"https:\/\/dovedormirearoma.it\/es\/recorrido-privado\/tours-degustacion\/\" class=\"more-link\">Continue reading<span class=\"screen-reader-text\"> \u00abTours Degustaci\u00f3n\u00bb<\/span><\/a><\/p>\n","protected":false},"author":1,"featured_media":1642,"parent":1530,"menu_order":0,"comment_status":"closed","ping_status":"closed","template":"","meta":{"advanced_seo_description":"","jetpack_seo_html_title":"","jetpack_seo_noindex":false,"jetpack_post_was_ever_published":false,"footnotes":""},"class_list":["post-1743","page","type-page","status-publish","has-post-thumbnail","hentry"],"jetpack-related-posts":[],"jetpack_sharing_enabled":true,"jetpack_likes_enabled":true,"jetpack_shortlink":"https:\/\/wp.me\/PdT7t4-s7","_links":{"self":[{"href":"https:\/\/dovedormirearoma.it\/es\/wp-json\/wp\/v2\/pages\/1743","targetHints":{"allow":["GET"]}}],"collection":[{"href":"https:\/\/dovedormirearoma.it\/es\/wp-json\/wp\/v2\/pages"}],"about":[{"href":"https:\/\/dovedormirearoma.it\/es\/wp-json\/wp\/v2\/types\/page"}],"author":[{"embeddable":true,"href":"https:\/\/dovedormirearoma.it\/es\/wp-json\/wp\/v2\/users\/1"}],"replies":[{"embeddable":true,"href":"https:\/\/dovedormirearoma.it\/es\/wp-json\/wp\/v2\/comments?post=1743"}],"version-history":[{"count":1,"href":"https:\/\/dovedormirearoma.it\/es\/wp-json\/wp\/v2\/pages\/1743\/revisions"}],"predecessor-version":[{"id":1744,"href":"https:\/\/dovedormirearoma.it\/es\/wp-json\/wp\/v2\/pages\/1743\/revisions\/1744"}],"up":[{"embeddable":true,"href":"https:\/\/dovedormirearoma.it\/es\/wp-json\/wp\/v2\/pages\/1530"}],"wp:featuredmedia":[{"embeddable":true,"href":"https:\/\/dovedormirearoma.it\/es\/wp-json\/wp\/v2\/media\/1642"}],"wp:attachment":[{"href":"https:\/\/dovedormirearoma.it\/es\/wp-json\/wp\/v2\/media?parent=1743"}],"curies":[{"name":"wp","href":"https:\/\/api.w.org\/{rel}","templated":true}]}}