{"id":1702,"date":"2017-06-14T10:57:27","date_gmt":"2017-06-14T10:57:27","guid":{"rendered":"https:\/\/dovedormirearoma.it\/recorrido-privado\/tour-vaticano-y-coliseo\/"},"modified":"2022-05-04T18:21:23","modified_gmt":"2022-05-04T18:21:23","slug":"tour-vaticano-y-coliseo","status":"publish","type":"page","link":"https:\/\/dovedormirearoma.it\/es\/recorrido-privado\/tour-vaticano-y-coliseo\/","title":{"rendered":"Tour Vaticano y Coliseo"},"content":{"rendered":"<p><strong>VATICANO y COLISEO<\/strong><\/p>\n<p><!--more--><\/p>\n\n<p class=\"has-small-font-size\"><strong>VATICANO:<\/strong>&#13;\n&#13;\n<strong>Descripci\u00f3n del recorrido:<\/strong>&#13;\n&#13;\nExperimente uno de los recorridos m\u00e1s exclusivos e \u00edntimos del Vaticano con este recorrido de 3 horas.&#13;\nEste recorrido por la Ciudad del Vaticano incluye todas las paradas imperdibles y la entrada sin colas.&#13;\n<strong>Itinerario:<\/strong>&#13;\n&#13;\nEste recorrido a pie de 2,5\/3 horas cubre el lugar m\u00e1s sagrado de Roma y del mundo: la Ciudad del Vaticano&#13;\nEntrada prioritaria a los Museos Vaticanos y la Capilla Sixtina&#13;\n\u00bfQu\u00e9 puedes esperar?&#13;\nDescubre la impresionante colecci\u00f3n de frescos, pinturas, esculturas y recuerdos de Miguel \u00c1ngel, Rafael y Botticelli, algunos de los artistas m\u00e1s famosos e influyentes del Renacimiento.&#13;\nRecorre las famosas Estancias de Rafael, la Galer\u00eda de Mapas y la Galer\u00eda de Tapices antes de llegar a la Capilla Sixtina. Quiz\u00e1s uno de los destinos m\u00e1s visitados del mundo, cada ilustraci\u00f3n de este incre\u00edble fresco representa una escena del Libro del G\u00e9nesis: la creaci\u00f3n de Ad\u00e1n es obviamente el m\u00e1s conocido de los nueve paneles. Conozca la historia de su comisi\u00f3n por el Papa Julio II y el m\u00e9todo \u00fanico de Miguel \u00c1ngel para completar su obra maestra m\u00e1s grande.&#13;\nUna de las iglesias m\u00e1s importantes de la cristiandad (y de la historia), tambi\u00e9n visitar\u00e1s otra de las grandes obras de arte de Miguel \u00c1ngel.&#13;\nQu\u00e9 est\u00e1 incluido:&#13;\nAcceso prioritario a los Museos Vaticanos&#13;\nAcceso prioritario a la Capilla Sixtina&#13;\nGu\u00eda tur\u00edstico experto&#13;\nAuriculares&#13;\nPunto de encuentro:&#13;\nVia germanico 5 cerca del restaurante Vinsanto&#13;\nDificultad: F\u00e1cil&#13;\nPrecio: 75 \u20ac por persona<\/p>\n\n<p>__________________________________________________________________<\/p>\n\n<p><strong>COLISEO:<\/strong>&#13;\n<strong>Descripci\u00f3n del recorrido:<\/strong>&#13;\nVen a un viaje fascinante al coraz\u00f3n de la Roma imperial. Sus reliquias atemporales y ruinas inmortales se desplegar\u00e1n ante ti mientras nuestros gu\u00edas te gu\u00edan a trav\u00e9s de un milenio de historia. Y dado que nuestros grupos nunca tienen m\u00e1s de 12 personas como m\u00e1ximo, este recorrido es \u00edntimo y asequible.&#13;\nItinerario: Piazza del Colosseo, Coliseo de primer y segundo nivel, Monte Palatino y Foro Romano.&#13;\n<strong>Qu\u00e9 est\u00e1 incluido:<\/strong>&#13;\nEntrada y acceso prioritario al Coliseo&#13;\n\u00bfEntrada al Foro Romano?&#13;\nGu\u00eda tur\u00edstico experto&#13;\nAuriculares&#13;\n<strong>Punto de encuentro :<\/strong>&#13;\nen la salida del metro Colosseo&#13;\n<strong>Dificultad:<\/strong> F\u00e1cil&#13;\n<strong>Precio: 75 \u20ac por persona<\/strong><\/p>\n\n<p>____________________________________________________________________<\/p>\n\n<p><strong>Para informaci\u00f3n o para hacer una reserva, cont\u00e1ctenos en what s app y lo guiaremos paso a paso para realizar el recorrido que prefiera.<\/strong><\/p>\n\n<p><\/p>\n\n<p><\/p>\n\n<p><\/p>\n\n<div class=\"wp-block-image\"><figure class=\"aligncenter size-full\"><img data-recalc-dims=\"1\" loading=\"lazy\" decoding=\"async\" width=\"600\" height=\"51\" data-attachment-id=\"1047\" data-permalink=\"https:\/\/dovedormirearoma.it\/es\/cropped-logoae-600px-png-2\/\" data-orig-file=\"https:\/\/i0.wp.com\/dovedormirearoma.it\/wp-content\/uploads\/2022\/02\/cropped-LogoAE-600px.png?fit=600%2C51&amp;ssl=1\" data-orig-size=\"600,51\" data-comments-opened=\"1\" data-image-meta=\"{&quot;aperture&quot;:&quot;0&quot;,&quot;credit&quot;:&quot;&quot;,&quot;camera&quot;:&quot;&quot;,&quot;caption&quot;:&quot;&quot;,&quot;created_timestamp&quot;:&quot;0&quot;,&quot;copyright&quot;:&quot;&quot;,&quot;focal_length&quot;:&quot;0&quot;,&quot;iso&quot;:&quot;0&quot;,&quot;shutter_speed&quot;:&quot;0&quot;,&quot;title&quot;:&quot;&quot;,&quot;orientation&quot;:&quot;0&quot;}\" data-image-title=\"cropped-LogoAE-600px.png\" data-image-description=\"&lt;p&gt;http:\/\/dovedormirearoma.it\/wp-content\/uploads\/2022\/02\/cropped-LogoAE-600px.png&lt;\/p&gt;\n\" data-image-caption=\"\" data-large-file=\"https:\/\/i0.wp.com\/dovedormirearoma.it\/wp-content\/uploads\/2022\/02\/cropped-LogoAE-600px.png?fit=600%2C51&amp;ssl=1\" src=\"https:\/\/i0.wp.com\/dovedormirearoma.it\/wp-content\/uploads\/2022\/02\/cropped-LogoAE-600px.png?resize=600%2C51\" alt=\"\" class=\"wp-image-1047\" srcset=\"https:\/\/i0.wp.com\/dovedormirearoma.it\/wp-content\/uploads\/2022\/02\/cropped-LogoAE-600px.png?w=600&amp;ssl=1 600w, https:\/\/i0.wp.com\/dovedormirearoma.it\/wp-content\/uploads\/2022\/02\/cropped-LogoAE-600px.png?resize=300%2C26&amp;ssl=1 300w\" sizes=\"auto, (max-width: 600px) 100vw, 600px\" \/><\/figure><\/div>\n\n<div class=\"wp-block-image\"><figure class=\"aligncenter size-full\"><img data-recalc-dims=\"1\" loading=\"lazy\" decoding=\"async\" width=\"200\" height=\"200\" data-attachment-id=\"1045\" data-permalink=\"https:\/\/dovedormirearoma.it\/es\/cropped-accomodationsrome-favicon-1-png-2\/\" data-orig-file=\"https:\/\/i0.wp.com\/dovedormirearoma.it\/wp-content\/uploads\/2022\/01\/cropped-AccomodationsRome-favicon-1.png?fit=200%2C200&amp;ssl=1\" data-orig-size=\"200,200\" data-comments-opened=\"1\" data-image-meta=\"{&quot;aperture&quot;:&quot;0&quot;,&quot;credit&quot;:&quot;&quot;,&quot;camera&quot;:&quot;&quot;,&quot;caption&quot;:&quot;&quot;,&quot;created_timestamp&quot;:&quot;0&quot;,&quot;copyright&quot;:&quot;&quot;,&quot;focal_length&quot;:&quot;0&quot;,&quot;iso&quot;:&quot;0&quot;,&quot;shutter_speed&quot;:&quot;0&quot;,&quot;title&quot;:&quot;&quot;,&quot;orientation&quot;:&quot;0&quot;}\" data-image-title=\"cropped-AccomodationsRome-favicon-1.png\" data-image-description=\"&lt;p&gt;http:\/\/dovedormirearoma.it\/wp-content\/uploads\/2022\/01\/cropped-AccomodationsRome-favicon-1.png&lt;\/p&gt;\n\" data-image-caption=\"\" data-large-file=\"https:\/\/i0.wp.com\/dovedormirearoma.it\/wp-content\/uploads\/2022\/01\/cropped-AccomodationsRome-favicon-1.png?fit=200%2C200&amp;ssl=1\" src=\"https:\/\/i0.wp.com\/dovedormirearoma.it\/wp-content\/uploads\/2022\/01\/cropped-AccomodationsRome-favicon-1.png?resize=200%2C200\" alt=\"\" class=\"wp-image-1045\" srcset=\"https:\/\/i0.wp.com\/dovedormirearoma.it\/wp-content\/uploads\/2022\/01\/cropped-AccomodationsRome-favicon-1.png?w=200&amp;ssl=1 200w, https:\/\/i0.wp.com\/dovedormirearoma.it\/wp-content\/uploads\/2022\/01\/cropped-AccomodationsRome-favicon-1.png?resize=150%2C150&amp;ssl=1 150w, https:\/\/i0.wp.com\/dovedormirearoma.it\/wp-content\/uploads\/2022\/01\/cropped-AccomodationsRome-favicon-1.png?resize=100%2C100&amp;ssl=1 100w\" sizes=\"auto, (max-width: 200px) 100vw, 200px\" \/><\/figure><\/div>\n","protected":false},"excerpt":{"rendered":"<p>VATICANO y COLISEO<\/p>\n","protected":false},"author":1,"featured_media":1591,"parent":1530,"menu_order":0,"comment_status":"closed","ping_status":"closed","template":"","meta":{"advanced_seo_description":"","jetpack_seo_html_title":"","jetpack_seo_noindex":false,"jetpack_post_was_ever_published":false,"footnotes":""},"class_list":["post-1702","page","type-page","status-publish","has-post-thumbnail","hentry"],"jetpack-related-posts":[],"jetpack_sharing_enabled":true,"jetpack_likes_enabled":true,"jetpack_shortlink":"https:\/\/wp.me\/PdT7t4-rs","_links":{"self":[{"href":"https:\/\/dovedormirearoma.it\/es\/wp-json\/wp\/v2\/pages\/1702","targetHints":{"allow":["GET"]}}],"collection":[{"href":"https:\/\/dovedormirearoma.it\/es\/wp-json\/wp\/v2\/pages"}],"about":[{"href":"https:\/\/dovedormirearoma.it\/es\/wp-json\/wp\/v2\/types\/page"}],"author":[{"embeddable":true,"href":"https:\/\/dovedormirearoma.it\/es\/wp-json\/wp\/v2\/users\/1"}],"replies":[{"embeddable":true,"href":"https:\/\/dovedormirearoma.it\/es\/wp-json\/wp\/v2\/comments?post=1702"}],"version-history":[{"count":5,"href":"https:\/\/dovedormirearoma.it\/es\/wp-json\/wp\/v2\/pages\/1702\/revisions"}],"predecessor-version":[{"id":1746,"href":"https:\/\/dovedormirearoma.it\/es\/wp-json\/wp\/v2\/pages\/1702\/revisions\/1746"}],"up":[{"embeddable":true,"href":"https:\/\/dovedormirearoma.it\/es\/wp-json\/wp\/v2\/pages\/1530"}],"wp:featuredmedia":[{"embeddable":true,"href":"https:\/\/dovedormirearoma.it\/es\/wp-json\/wp\/v2\/media\/1591"}],"wp:attachment":[{"href":"https:\/\/dovedormirearoma.it\/es\/wp-json\/wp\/v2\/media?parent=1702"}],"curies":[{"name":"wp","href":"https:\/\/api.w.org\/{rel}","templated":true}]}}