{"id":1530,"date":"2017-06-14T09:28:54","date_gmt":"2017-06-14T09:28:54","guid":{"rendered":"https:\/\/dovedormirearoma.it\/recorrido-privado\/"},"modified":"2022-05-04T18:33:36","modified_gmt":"2022-05-04T18:33:36","slug":"recorrido-privado","status":"publish","type":"page","link":"https:\/\/dovedormirearoma.it\/es\/recorrido-privado\/","title":{"rendered":"Recorrido privado"},"content":{"rendered":"\n<p>Nuestra selecci\u00f3n de <strong>Viajes Exclusivos<\/strong> con traslados y gu\u00eda a tu disposici\u00f3n. <strong>Viajes individuales<\/strong> para vivir el viaje como una experiencia \u00fanica en pareja, con amigos o en grupos de 8\/10 personas. Viajes organizados para descubrir los destinos tur\u00edsticos m\u00e1s bellos, entre la <strong>arqueolog\u00eda<\/strong> y el<strong> ecoturismo<\/strong>. Una amplia gama de pa\u00edses con sitios del patrimonio de la UNESCO como Pompeya y m\u00e1s&#8230;<\/p>\n","protected":false},"excerpt":{"rendered":"<p>Nuestra selecci\u00f3n de Viajes Exclusivos con traslados y gu\u00eda a tu disposici\u00f3n. Viajes individuales para vivir el viaje como una experiencia \u00fanica en pareja, con amigos o en grupos de 8\/10 personas. Viajes organizados para descubrir los destinos tur\u00edsticos m\u00e1s bellos, entre la arqueolog\u00eda y el ecoturismo. Una amplia gama de pa\u00edses con sitios del &hellip; <a href=\"https:\/\/dovedormirearoma.it\/es\/recorrido-privado\/\" class=\"more-link\">Continue reading<span class=\"screen-reader-text\"> \u00abRecorrido privado\u00bb<\/span><\/a><\/p>\n","protected":false},"author":1,"featured_media":0,"parent":0,"menu_order":0,"comment_status":"closed","ping_status":"closed","template":"template-full-width-grid-page.php","meta":{"advanced_seo_description":"","jetpack_seo_html_title":"","jetpack_seo_noindex":false,"jetpack_post_was_ever_published":false,"footnotes":""},"class_list":["post-1530","page","type-page","status-publish","hentry"],"jetpack-related-posts":[],"jetpack_sharing_enabled":true,"jetpack_likes_enabled":true,"jetpack_shortlink":"https:\/\/wp.me\/PdT7t4-oG","_links":{"self":[{"href":"https:\/\/dovedormirearoma.it\/es\/wp-json\/wp\/v2\/pages\/1530","targetHints":{"allow":["GET"]}}],"collection":[{"href":"https:\/\/dovedormirearoma.it\/es\/wp-json\/wp\/v2\/pages"}],"about":[{"href":"https:\/\/dovedormirearoma.it\/es\/wp-json\/wp\/v2\/types\/page"}],"author":[{"embeddable":true,"href":"https:\/\/dovedormirearoma.it\/es\/wp-json\/wp\/v2\/users\/1"}],"replies":[{"embeddable":true,"href":"https:\/\/dovedormirearoma.it\/es\/wp-json\/wp\/v2\/comments?post=1530"}],"version-history":[{"count":2,"href":"https:\/\/dovedormirearoma.it\/es\/wp-json\/wp\/v2\/pages\/1530\/revisions"}],"predecessor-version":[{"id":1754,"href":"https:\/\/dovedormirearoma.it\/es\/wp-json\/wp\/v2\/pages\/1530\/revisions\/1754"}],"wp:attachment":[{"href":"https:\/\/dovedormirearoma.it\/es\/wp-json\/wp\/v2\/media?parent=1530"}],"curies":[{"name":"wp","href":"https:\/\/api.w.org\/{rel}","templated":true}]}}